{"id":9,"date":"2023-01-24T08:09:45","date_gmt":"2023-01-24T08:09:45","guid":{"rendered":"https:\/\/demosites.royal-elementor-addons.com\/car-repair-v1\/?page_id=9"},"modified":"2025-10-20T14:15:28","modified_gmt":"2025-10-20T14:15:28","slug":"about-2","status":"publish","type":"page","link":"https:\/\/nurpainsaat.com.tr\/index.php\/about-2\/","title":{"rendered":"Hakk\u0131m\u0131zda"},"content":{"rendered":"\t\t<div data-elementor-type=\"wp-page\" data-elementor-id=\"9\" class=\"elementor elementor-9\">\n\t\t\t\t\t\t<section class=\"elementor-section elementor-top-section elementor-element elementor-element-ef95f03 elementor-section-height-min-height elementor-section-boxed elementor-section-height-default elementor-section-items-middle wpr-particle-no wpr-jarallax-no wpr-parallax-no wpr-sticky-section-no\" data-id=\"ef95f03\" data-element_type=\"section\" data-settings=\"{&quot;background_background&quot;:&quot;classic&quot;,&quot;shape_divider_bottom&quot;:&quot;tilt&quot;}\">\n\t\t\t\t\t\t\t<div class=\"elementor-background-overlay\"><\/div>\n\t\t\t\t\t\t<div class=\"elementor-shape elementor-shape-bottom\" aria-hidden=\"true\" data-negative=\"false\">\n\t\t\t<svg xmlns=\"http:\/\/www.w3.org\/2000\/svg\" viewBox=\"0 0 1000 100\" preserveAspectRatio=\"none\">\n\t<path class=\"elementor-shape-fill\" d=\"M0,6V0h1000v100L0,6z\"\/>\n<\/svg>\t\t<\/div>\n\t\t\t\t\t<div class=\"elementor-container elementor-column-gap-default\">\n\t\t\t\t\t<div class=\"elementor-column elementor-col-100 elementor-top-column elementor-element elementor-element-c8dd92e\" data-id=\"c8dd92e\" data-element_type=\"column\">\n\t\t\t<div class=\"elementor-widget-wrap elementor-element-populated\">\n\t\t\t\t\t\t<div class=\"elementor-element elementor-element-3de19c3 elementor-widget elementor-widget-heading\" data-id=\"3de19c3\" data-element_type=\"widget\" data-widget_type=\"heading.default\">\n\t\t\t\t\t<h2 class=\"elementor-heading-title elementor-size-default\">kurumsal<\/h2>\t\t\t\t<\/div>\n\t\t\t\t\t<\/div>\n\t\t<\/div>\n\t\t\t\t\t<\/div>\n\t\t<\/section>\n\t\t\t\t<section class=\"elementor-section elementor-top-section elementor-element elementor-element-9572656 elementor-section-boxed elementor-section-height-default elementor-section-height-default wpr-particle-no wpr-jarallax-no wpr-parallax-no wpr-sticky-section-no\" data-id=\"9572656\" data-element_type=\"section\">\n\t\t\t\t\t\t<div class=\"elementor-container elementor-column-gap-default\">\n\t\t\t\t\t<div class=\"elementor-column elementor-col-50 elementor-top-column elementor-element elementor-element-ecd14f9\" data-id=\"ecd14f9\" data-element_type=\"column\">\n\t\t\t<div class=\"elementor-widget-wrap elementor-element-populated\">\n\t\t\t\t\t\t<div class=\"elementor-element elementor-element-f5ae191 elementor-widget elementor-widget-heading\" data-id=\"f5ae191\" data-element_type=\"widget\" data-widget_type=\"heading.default\">\n\t\t\t\t\t<h2 class=\"elementor-heading-title elementor-size-default\">Biz Kimiz? <\/h2>\t\t\t\t<\/div>\n\t\t\t\t<div class=\"elementor-element elementor-element-aa91b36 elementor-widget elementor-widget-heading\" data-id=\"aa91b36\" data-element_type=\"widget\" data-widget_type=\"heading.default\">\n\t\t\t\t\t<h2 class=\"elementor-heading-title elementor-size-default\">NURPA \u0130N\u015eAAT &amp; OTOMOT\u0130V<\/h2>\t\t\t\t<\/div>\n\t\t\t\t<div class=\"elementor-element elementor-element-ec0e276 elementor-widget elementor-widget-text-editor\" data-id=\"ec0e276\" data-element_type=\"widget\" data-widget_type=\"text-editor.default\">\n\t\t\t\t\t\t\t\t\t<p data-start=\"2639\" data-end=\"2908\"><strong>Nurpa \u0130n\u015faat &amp; Otomotiv<\/strong>, 2022 y\u0131l\u0131nda K\u00fctahya\u2019da <strong>Ahmet Alpak<\/strong> taraf\u0131ndan kurulmu\u015ftur.<br data-start=\"2723\" data-end=\"2726\" \/>Urfa do\u011fumlu giri\u015fimci <strong>Ahmet Alpa<\/strong>k, in\u015faat sekt\u00f6r\u00fcndeki tecr\u00fcbesini 2022 \u00f6ncesinde tamamlad\u0131\u011f\u0131 11 farkl\u0131 projeyle peki\u015ftirmi\u015f, ard\u0131ndan Nurpa markas\u0131n\u0131 K\u00fctahya\u2019ya kazand\u0131rm\u0131\u015ft\u0131r.<\/p><p data-start=\"2915\" data-end=\"3102\"><strong>Nurpa \u0130n\u015faat<\/strong>, kuruldu\u011fu g\u00fcnden bu yana modern ya\u015fam alanlar\u0131 \u00fcretmeyi, kaliteli malzeme ve m\u00fchendislik anlay\u0131\u015f\u0131n\u0131 birle\u015ftirerek <em>K\u00fctahya<\/em> halk\u0131na g\u00fcvenli konutlar sunmay\u0131 ilke edinmi\u015ftir.<\/p><p data-start=\"3109\" data-end=\"3233\">M\u00fc\u015fteri memnuniyetini \u00f6n planda tutan <strong>Nurpa \u0130n\u015faat<\/strong>, projelerini zaman\u0131nda teslim etme prensibiyle faaliyet g\u00f6stermektedir.<\/p><p data-start=\"3240\" data-end=\"3363\"><strong data-start=\"3240\" data-end=\"3255\">Misyonumuz:<\/strong><br data-start=\"3255\" data-end=\"3258\" \/>K\u00fctahya\u2019da \u00e7a\u011fda\u015f mimariyle ya\u015fam alanlar\u0131 in\u015fa ederek g\u00fcvenli, estetik ve konforlu konutlar \u00fcretmek.<\/p><p data-start=\"3370\" data-end=\"3514\"><strong data-start=\"3370\" data-end=\"3385\">Vizyonumuz:<\/strong><br data-start=\"3385\" data-end=\"3388\" \/>B\u00f6lgesinde g\u00fcvenin ve kalitenin sembol\u00fc bir marka haline gelmek, T\u00fcrkiye genelinde referans g\u00f6sterilen projelere imza atmak.<\/p>\t\t\t\t\t\t\t\t<\/div>\n\t\t\t\t\t<\/div>\n\t\t<\/div>\n\t\t\t\t<div class=\"elementor-column elementor-col-50 elementor-top-column elementor-element elementor-element-96a3337 elementor-hidden-tablet elementor-hidden-mobile\" data-id=\"96a3337\" data-element_type=\"column\">\n\t\t\t<div class=\"elementor-widget-wrap elementor-element-populated\">\n\t\t\t\t\t\t<div class=\"elementor-element elementor-element-d92e111 elementor-widget elementor-widget-image\" data-id=\"d92e111\" data-element_type=\"widget\" data-widget_type=\"image.default\">\n\t\t\t\t\t\t\t\t\t\t\t\t\t\t\t<img fetchpriority=\"high\" decoding=\"async\" width=\"768\" height=\"1024\" src=\"https:\/\/nurpainsaat.com.tr\/wp-content\/uploads\/2025\/10\/WhatsApp-Image-2025-10-20-at-15.54.04-5-768x1024.jpeg\" class=\"attachment-large size-large wp-image-846\" alt=\"\" srcset=\"https:\/\/nurpainsaat.com.tr\/wp-content\/uploads\/2025\/10\/WhatsApp-Image-2025-10-20-at-15.54.04-5-768x1024.jpeg 768w, https:\/\/nurpainsaat.com.tr\/wp-content\/uploads\/2025\/10\/WhatsApp-Image-2025-10-20-at-15.54.04-5-225x300.jpeg 225w, https:\/\/nurpainsaat.com.tr\/wp-content\/uploads\/2025\/10\/WhatsApp-Image-2025-10-20-at-15.54.04-5-1152x1536.jpeg 1152w, https:\/\/nurpainsaat.com.tr\/wp-content\/uploads\/2025\/10\/WhatsApp-Image-2025-10-20-at-15.54.04-5.jpeg 1200w\" sizes=\"(max-width: 768px) 100vw, 768px\" \/>\t\t\t\t\t\t\t\t\t\t\t\t\t\t\t<\/div>\n\t\t\t\t\t<\/div>\n\t\t<\/div>\n\t\t\t\t\t<\/div>\n\t\t<\/section>\n\t\t\t\t<section class=\"elementor-section elementor-top-section elementor-element elementor-element-2707021 elementor-section-boxed elementor-section-height-default elementor-section-height-default wpr-particle-no wpr-jarallax-no wpr-parallax-no wpr-sticky-section-no\" data-id=\"2707021\" data-element_type=\"section\">\n\t\t\t\t\t\t<div class=\"elementor-container elementor-column-gap-default\">\n\t\t\t\t\t<div class=\"elementor-column elementor-col-50 elementor-top-column elementor-element elementor-element-1db297f\" data-id=\"1db297f\" data-element_type=\"column\">\n\t\t\t<div class=\"elementor-widget-wrap elementor-element-populated\">\n\t\t\t\t\t\t<div class=\"elementor-element elementor-element-ed53e53 elementor-widget elementor-widget-heading\" data-id=\"ed53e53\" data-element_type=\"widget\" data-widget_type=\"heading.default\">\n\t\t\t\t\t<h2 class=\"elementor-heading-title elementor-size-default\">NURPA iN\u015eAAT &amp; OTOMOT\u0130V<\/h2>\t\t\t\t<\/div>\n\t\t\t\t<div class=\"elementor-element elementor-element-8d76f6c elementor-widget elementor-widget-text-editor\" data-id=\"8d76f6c\" data-element_type=\"widget\" data-widget_type=\"text-editor.default\">\n\t\t\t\t\t\t\t\t\t<ul><li data-start=\"5092\" data-end=\"5137\"><p data-start=\"5094\" data-end=\"5137\">\u201cYeni TOK\u0130 Projemiz \u00c7ok Yak\u0131nda Sat\u0131\u015fta!\u201d<\/p><\/li><li data-start=\"5138\" data-end=\"5180\"><p data-start=\"5140\" data-end=\"5180\">\u201cK\u00fctahya\u2019da Konut Alman\u0131n Avantajlar\u0131\u201d<\/p><\/li><li data-start=\"5181\" data-end=\"5246\"><p data-start=\"5183\" data-end=\"5246\">\u201cNurpa \u0130n\u015faat\u2019tan M\u00fc\u015fteri Memnuniyetine Y\u00f6nelik Yeni Hizmetler\u201d<\/p><\/li><\/ul>\t\t\t\t\t\t\t\t<\/div>\n\t\t\t\t\t<\/div>\n\t\t<\/div>\n\t\t\t\t<div class=\"elementor-column elementor-col-50 elementor-top-column elementor-element elementor-element-b3266a9\" data-id=\"b3266a9\" data-element_type=\"column\">\n\t\t\t<div class=\"elementor-widget-wrap elementor-element-populated\">\n\t\t\t\t\t\t<div class=\"elementor-element elementor-element-c7e1e50 elementor-icon-list--layout-traditional elementor-list-item-link-full_width elementor-widget elementor-widget-icon-list\" data-id=\"c7e1e50\" data-element_type=\"widget\" data-widget_type=\"icon-list.default\">\n\t\t\t\t\t\t\t<ul class=\"elementor-icon-list-items\">\n\t\t\t\t\t\t\t<li class=\"elementor-icon-list-item\">\n\t\t\t\t\t\t\t\t\t\t\t<span class=\"elementor-icon-list-icon\">\n\t\t\t\t\t\t\t<svg aria-hidden=\"true\" class=\"e-font-icon-svg e-far-dot-circle\" viewBox=\"0 0 512 512\" xmlns=\"http:\/\/www.w3.org\/2000\/svg\"><path d=\"M256 56c110.532 0 200 89.451 200 200 0 110.532-89.451 200-200 200-110.532 0-200-89.451-200-200 0-110.532 89.451-200 200-200m0-48C119.033 8 8 119.033 8 256s111.033 248 248 248 248-111.033 248-248S392.967 8 256 8zm0 168c-44.183 0-80 35.817-80 80s35.817 80 80 80 80-35.817 80-80-35.817-80-80-80z\"><\/path><\/svg>\t\t\t\t\t\t<\/span>\n\t\t\t\t\t\t\t\t\t\t<span class=\"elementor-icon-list-text\">Konut \u0130n\u015faat\u0131: Modern, dayan\u0131kl\u0131 ve estetik konut projeleri \u00fcretimi<\/span>\n\t\t\t\t\t\t\t\t\t<\/li>\n\t\t\t\t\t\t\t\t<li class=\"elementor-icon-list-item\">\n\t\t\t\t\t\t\t\t\t\t\t<span class=\"elementor-icon-list-icon\">\n\t\t\t\t\t\t\t<svg aria-hidden=\"true\" class=\"e-font-icon-svg e-far-dot-circle\" viewBox=\"0 0 512 512\" xmlns=\"http:\/\/www.w3.org\/2000\/svg\"><path d=\"M256 56c110.532 0 200 89.451 200 200 0 110.532-89.451 200-200 200-110.532 0-200-89.451-200-200 0-110.532 89.451-200 200-200m0-48C119.033 8 8 119.033 8 256s111.033 248 248 248 248-111.033 248-248S392.967 8 256 8zm0 168c-44.183 0-80 35.817-80 80s35.817 80 80 80 80-35.817 80-80-35.817-80-80-80z\"><\/path><\/svg>\t\t\t\t\t\t<\/span>\n\t\t\t\t\t\t\t\t\t\t<span class=\"elementor-icon-list-text\">Taahh\u00fct \u0130\u015fleri: Kamu ve \u00f6zel sekt\u00f6r projelerinde profesyonel in\u015faat hizmeti<\/span>\n\t\t\t\t\t\t\t\t\t<\/li>\n\t\t\t\t\t\t\t\t<li class=\"elementor-icon-list-item\">\n\t\t\t\t\t\t\t\t\t\t\t<span class=\"elementor-icon-list-icon\">\n\t\t\t\t\t\t\t<svg aria-hidden=\"true\" class=\"e-font-icon-svg e-far-dot-circle\" viewBox=\"0 0 512 512\" xmlns=\"http:\/\/www.w3.org\/2000\/svg\"><path d=\"M256 56c110.532 0 200 89.451 200 200 0 110.532-89.451 200-200 200-110.532 0-200-89.451-200-200 0-110.532 89.451-200 200-200m0-48C119.033 8 8 119.033 8 256s111.033 248 248 248 248-111.033 248-248S392.967 8 256 8zm0 168c-44.183 0-80 35.817-80 80s35.817 80 80 80 80-35.817 80-80-35.817-80-80-80z\"><\/path><\/svg>\t\t\t\t\t\t<\/span>\n\t\t\t\t\t\t\t\t\t\t<span class=\"elementor-icon-list-text\">Gayrimenkul Sat\u0131\u015f\u0131: S\u0131f\u0131r daire sat\u0131\u015f\u0131nda \u015feffaf, g\u00fcvenilir s\u00fcre\u00e7 y\u00f6netimi<\/span>\n\t\t\t\t\t\t\t\t\t<\/li>\n\t\t\t\t\t\t\t\t<li class=\"elementor-icon-list-item\">\n\t\t\t\t\t\t\t\t\t\t\t<span class=\"elementor-icon-list-icon\">\n\t\t\t\t\t\t\t<svg aria-hidden=\"true\" class=\"e-font-icon-svg e-far-dot-circle\" viewBox=\"0 0 512 512\" xmlns=\"http:\/\/www.w3.org\/2000\/svg\"><path d=\"M256 56c110.532 0 200 89.451 200 200 0 110.532-89.451 200-200 200-110.532 0-200-89.451-200-200 0-110.532 89.451-200 200-200m0-48C119.033 8 8 119.033 8 256s111.033 248 248 248 248-111.033 248-248S392.967 8 256 8zm0 168c-44.183 0-80 35.817-80 80s35.817 80 80 80 80-35.817 80-80-35.817-80-80-80z\"><\/path><\/svg>\t\t\t\t\t\t<\/span>\n\t\t\t\t\t\t\t\t\t\t<span class=\"elementor-icon-list-text\">Otomotiv Hizmetleri: Nurpa Otomotiv ile s\u0131f\u0131r ve ikinci el ara\u00e7 \u00e7\u00f6z\u00fcmleri<\/span>\n\t\t\t\t\t\t\t\t\t<\/li>\n\t\t\t\t\t\t<\/ul>\n\t\t\t\t\t\t<\/div>\n\t\t\t\t\t<\/div>\n\t\t<\/div>\n\t\t\t\t\t<\/div>\n\t\t<\/section>\n\t\t\t\t<\/div>\n\t\t","protected":false},"excerpt":{"rendered":"<p>kurumsal Biz Kimiz? NURPA \u0130N\u015eAAT &amp; OTOMOT\u0130V Nurpa \u0130n\u015faat &amp; Otomotiv, 2022 y\u0131l\u0131nda K\u00fctahya\u2019da Ahmet Alpak taraf\u0131ndan kurulmu\u015ftur.Urfa do\u011fumlu giri\u015fimci Ahmet Alpak, in\u015faat sekt\u00f6r\u00fcndeki tecr\u00fcbesini 2022 \u00f6ncesinde tamamlad\u0131\u011f\u0131 11 farkl\u0131 projeyle peki\u015ftirmi\u015f, ard\u0131ndan Nurpa markas\u0131n\u0131 K\u00fctahya\u2019ya kazand\u0131rm\u0131\u015ft\u0131r. Nurpa \u0130n\u015faat, kuruldu\u011fu g\u00fcnden bu yana modern ya\u015fam alanlar\u0131 \u00fcretmeyi, kaliteli malzeme ve m\u00fchendislik anlay\u0131\u015f\u0131n\u0131 birle\u015ftirerek K\u00fctahya halk\u0131na g\u00fcvenli konutlar sunmay\u0131 ilke edinmi\u015ftir. M\u00fc\u015fteri memnuniyetini \u00f6n planda tutan Nurpa \u0130n\u015faat, projelerini zaman\u0131nda teslim etme prensibiyle faaliyet g\u00f6stermektedir. Misyonumuz:K\u00fctahya\u2019da \u00e7a\u011fda\u015f mimariyle ya\u015fam alanlar\u0131 in\u015fa ederek g\u00fcvenli, estetik ve konforlu konutlar \u00fcretmek. Vizyonumuz:B\u00f6lgesinde g\u00fcvenin ve kalitenin sembol\u00fc bir marka haline gelmek, T\u00fcrkiye genelinde referans g\u00f6sterilen projelere imza atmak. NURPA iN\u015eAAT &amp; OTOMOT\u0130V \u201cYeni TOK\u0130 Projemiz \u00c7ok Yak\u0131nda Sat\u0131\u015fta!\u201d \u201cK\u00fctahya\u2019da Konut Alman\u0131n Avantajlar\u0131\u201d \u201cNurpa \u0130n\u015faat\u2019tan M\u00fc\u015fteri Memnuniyetine Y\u00f6nelik Yeni Hizmetler\u201d Konut \u0130n\u015faat\u0131: Modern, dayan\u0131kl\u0131 ve estetik konut projeleri \u00fcretimi Taahh\u00fct \u0130\u015fleri: Kamu ve \u00f6zel sekt\u00f6r projelerinde profesyonel in\u015faat hizmeti Gayrimenkul Sat\u0131\u015f\u0131: S\u0131f\u0131r daire sat\u0131\u015f\u0131nda \u015feffaf, g\u00fcvenilir s\u00fcre\u00e7 y\u00f6netimi Otomotiv Hizmetleri: Nurpa Otomotiv ile s\u0131f\u0131r ve ikinci el ara\u00e7 \u00e7\u00f6z\u00fcmleri<\/p>\n","protected":false},"author":1,"featured_media":0,"parent":0,"menu_order":0,"comment_status":"closed","ping_status":"closed","template":"elementor_canvas","meta":{"footnotes":""},"class_list":["post-9","page","type-page","status-publish","hentry"],"_links":{"self":[{"href":"https:\/\/nurpainsaat.com.tr\/index.php\/wp-json\/wp\/v2\/pages\/9","targetHints":{"allow":["GET"]}}],"collection":[{"href":"https:\/\/nurpainsaat.com.tr\/index.php\/wp-json\/wp\/v2\/pages"}],"about":[{"href":"https:\/\/nurpainsaat.com.tr\/index.php\/wp-json\/wp\/v2\/types\/page"}],"author":[{"embeddable":true,"href":"https:\/\/nurpainsaat.com.tr\/index.php\/wp-json\/wp\/v2\/users\/1"}],"replies":[{"embeddable":true,"href":"https:\/\/nurpainsaat.com.tr\/index.php\/wp-json\/wp\/v2\/comments?post=9"}],"version-history":[{"count":12,"href":"https:\/\/nurpainsaat.com.tr\/index.php\/wp-json\/wp\/v2\/pages\/9\/revisions"}],"predecessor-version":[{"id":968,"href":"https:\/\/nurpainsaat.com.tr\/index.php\/wp-json\/wp\/v2\/pages\/9\/revisions\/968"}],"wp:attachment":[{"href":"https:\/\/nurpainsaat.com.tr\/index.php\/wp-json\/wp\/v2\/media?parent=9"}],"curies":[{"name":"wp","href":"https:\/\/api.w.org\/{rel}","templated":true}]}}