{"id":185,"date":"2018-02-28T03:53:09","date_gmt":"2018-02-28T03:53:09","guid":{"rendered":"http:\/\/offshorethemes.com\/demo\/sparkconstruction\/?page_id=185"},"modified":"2025-10-20T14:18:34","modified_gmt":"2025-10-20T14:18:34","slug":"iletisim","status":"publish","type":"page","link":"https:\/\/nurpainsaat.com.tr\/index.php\/iletisim\/","title":{"rendered":"\u0130leti\u015fim"},"content":{"rendered":"\t\t<div data-elementor-type=\"wp-page\" data-elementor-id=\"185\" class=\"elementor elementor-185\">\n\t\t\t\t<div class=\"elementor-element elementor-element-c089540 e-flex e-con-boxed wpr-particle-no wpr-jarallax-no wpr-parallax-no wpr-sticky-section-no e-con e-parent\" data-id=\"c089540\" data-element_type=\"container\">\n\t\t\t\t\t<div class=\"e-con-inner\">\n\t\t\t\t<div class=\"elementor-element elementor-element-913edaa elementor-widget elementor-widget-google_maps\" data-id=\"913edaa\" data-element_type=\"widget\" data-widget_type=\"google_maps.default\">\n\t\t\t\t\t\t\t<div class=\"elementor-custom-embed\">\n\t\t\t<iframe loading=\"lazy\"\n\t\t\t\t\tsrc=\"https:\/\/maps.google.com\/maps?q=Alipa%C5%9Fa%20Mh.%20Cumhuriyet%20Cd.Hacelo%C4%9Flu%20%C4%B0%C5%9F%20Merkezi%20Kat%3A2%20No%3A%20121%20K%C3%BCtahya%20Merkez&#038;t=m&#038;z=10&#038;output=embed&#038;iwloc=near\"\n\t\t\t\t\ttitle=\"Alipa\u015fa Mh. Cumhuriyet Cd.Hacelo\u011flu \u0130\u015f Merkezi Kat:2 No: 121 K\u00fctahya Merkez\"\n\t\t\t\t\taria-label=\"Alipa\u015fa Mh. Cumhuriyet Cd.Hacelo\u011flu \u0130\u015f Merkezi Kat:2 No: 121 K\u00fctahya Merkez\"\n\t\t\t><\/iframe>\n\t\t<\/div>\n\t\t\t\t\t\t<\/div>\n\t\t\t\t\t<\/div>\n\t\t\t\t<\/div>\n\t\t\t\t<\/div>\n\t\t","protected":false},"excerpt":{"rendered":"","protected":false},"author":1,"featured_media":0,"parent":0,"menu_order":0,"comment_status":"closed","ping_status":"closed","template":"elementor_canvas","meta":{"footnotes":""},"class_list":["post-185","page","type-page","status-publish","hentry"],"_links":{"self":[{"href":"https:\/\/nurpainsaat.com.tr\/index.php\/wp-json\/wp\/v2\/pages\/185","targetHints":{"allow":["GET"]}}],"collection":[{"href":"https:\/\/nurpainsaat.com.tr\/index.php\/wp-json\/wp\/v2\/pages"}],"about":[{"href":"https:\/\/nurpainsaat.com.tr\/index.php\/wp-json\/wp\/v2\/types\/page"}],"author":[{"embeddable":true,"href":"https:\/\/nurpainsaat.com.tr\/index.php\/wp-json\/wp\/v2\/users\/1"}],"replies":[{"embeddable":true,"href":"https:\/\/nurpainsaat.com.tr\/index.php\/wp-json\/wp\/v2\/comments?post=185"}],"version-history":[{"count":5,"href":"https:\/\/nurpainsaat.com.tr\/index.php\/wp-json\/wp\/v2\/pages\/185\/revisions"}],"predecessor-version":[{"id":973,"href":"https:\/\/nurpainsaat.com.tr\/index.php\/wp-json\/wp\/v2\/pages\/185\/revisions\/973"}],"wp:attachment":[{"href":"https:\/\/nurpainsaat.com.tr\/index.php\/wp-json\/wp\/v2\/media?parent=185"}],"curies":[{"name":"wp","href":"https:\/\/api.w.org\/{rel}","templated":true}]}}